{"id":9,"date":"2020-07-14T18:53:47","date_gmt":"2020-07-14T16:53:47","guid":{"rendered":"https:\/\/florianecoudouxdietetique.be\/?page_id=9"},"modified":"2023-01-26T13:29:42","modified_gmt":"2023-01-26T12:29:42","slug":"accueil","status":"publish","type":"page","link":"https:\/\/florianecoudouxdietetique.be\/","title":{"rendered":"Accueil"},"content":{"rendered":"<p>[et_pb_section fb_built=\u00a0\u00bb1&Prime; _builder_version=\u00a0\u00bb3.24&Prime; background_color=\u00a0\u00bbrgba(0,0,0,0)\u00a0\u00bb bottom_divider_style=\u00a0\u00bbwave2&Prime; bottom_divider_color=\u00a0\u00bb#8300E9&Prime;][et_pb_row custom_padding=\u00a0\u00bb||48px\u00a0\u00bb custom_margin=\u00a0\u00bb-80px||\u00a0\u00bb _builder_version=\u00a0\u00bb3.24&Prime; width=\u00a0\u00bb100%\u00a0\u00bb max_width=\u00a0\u00bb2560px\u00a0\u00bb][et_pb_column type=\u00a0\u00bb1_5&Prime; _builder_version=\u00a0\u00bb3.24&Prime;][\/et_pb_column][et_pb_column type=\u00a0\u00bb1_5&Prime; _builder_version=\u00a0\u00bb3.24&Prime;][et_pb_image src=\u00a0\u00bbhttp:\/\/florianecoudouxdietetique.be\/wp-content\/uploads\/2020\/07\/logoblc.png\u00a0\u00bb _builder_version=\u00a0\u00bb3.24&Prime; max_height=\u00a0\u00bb250px\u00a0\u00bb][\/et_pb_image][\/et_pb_column][et_pb_column type=\u00a0\u00bb3_5&Prime; _builder_version=\u00a0\u00bb3.24&Prime;][\/et_pb_column][\/et_pb_row][\/et_pb_section][et_pb_section fb_built=\u00a0\u00bb1&Prime; _builder_version=\u00a0\u00bb3.24&Prime; min_height=\u00a0\u00bb823px\u00a0\u00bb custom_padding=\u00a0\u00bb||5px|||\u00a0\u00bb][et_pb_row _builder_version=\u00a0\u00bb3.24&Prime; min_height=\u00a0\u00bb749px\u00a0\u00bb][et_pb_column type=\u00a0\u00bb4_4&Prime; _builder_version=\u00a0\u00bb3.24&Prime;][et_pb_text _builder_version=\u00a0\u00bb3.24&Prime; text_font=\u00a0\u00bbAllura|700|||||||\u00a0\u00bb text_text_align=\u00a0\u00bbcenter\u00a0\u00bb text_text_color=\u00a0\u00bb#8300e9&Prime; text_font_size=\u00a0\u00bb36px\u00a0\u00bb]<\/p>\n<h1>Floriane Coudoux Di\u00e9t\u00e9ticienne &amp; Nutritionniste agr\u00e9\u00e9<\/h1>\n<p>[\/et_pb_text][et_pb_divider color=\u00a0\u00bb#8300E9&Prime; divider_weight=\u00a0\u00bb3px\u00a0\u00bb _builder_version=\u00a0\u00bb3.24&Prime;][\/et_pb_divider][et_pb_text _builder_version=\u00a0\u00bb3.24&Prime; text_font=\u00a0\u00bbVerdana|700|||||||\u00a0\u00bb text_text_color=\u00a0\u00bb#8300E9&Prime; text_font_size=\u00a0\u00bb24px\u00a0\u00bb custom_margin=\u00a0\u00bb-20px|||30px\u00a0\u00bb]<\/p>\n<p>Floriane Coudoux<\/p>\n<p>Consulte sur Frasnes-Lez-Buissenal<\/p>\n<p>* sur rendez-vous uniquement *<\/p>\n<p>[\/et_pb_text][et_pb_divider color=\u00a0\u00bb#8300E9&Prime; _builder_version=\u00a0\u00bb3.24&Prime;][\/et_pb_divider][et_pb_text _builder_version=\u00a0\u00bb3.24&Prime; text_font=\u00a0\u00bbAmiko||||||||\u00a0\u00bb text_font_size=\u00a0\u00bb20px\u00a0\u00bb custom_margin=\u00a0\u00bb-19px|||30px\u00a0\u00bb]<\/p>\n<p>&#8211; Retrouver une alimentation \u00e9quilibr\u00e9e.<\/p>\n<p>[\/et_pb_text][et_pb_divider color=\u00a0\u00bb#8300E9&Prime; _builder_version=\u00a0\u00bb3.24&Prime;][\/et_pb_divider][et_pb_text _builder_version=\u00a0\u00bb3.24&Prime; text_font=\u00a0\u00bb||||||||\u00a0\u00bb text_font_size=\u00a0\u00bb22px\u00a0\u00bb custom_margin=\u00a0\u00bb-20px|||30px\u00a0\u00bb]<\/p>\n<p>&#8211; Pour une perte de poids.<\/p>\n<p>[\/et_pb_text][et_pb_divider color=\u00a0\u00bb#8300E9&Prime; _builder_version=\u00a0\u00bb3.24&Prime;][\/et_pb_divider][et_pb_text _builder_version=\u00a0\u00bb3.24&Prime; text_font=\u00a0\u00bb||||||||\u00a0\u00bb text_font_size=\u00a0\u00bb20px\u00a0\u00bb custom_margin=\u00a0\u00bb-20px|||30px\u00a0\u00bb]<\/p>\n<p>&#8211; Avoir un suivi alimentaire lors d&rsquo;une pathologie n\u00e9cissitant une alimentation sp\u00e9cifique ( diab\u00e8te, maladie de crohn, intol\u00e9rance au lactose, &#8230;).<\/p>\n<p>[\/et_pb_text][et_pb_divider color=\u00a0\u00bb#8300E9&Prime; _builder_version=\u00a0\u00bb3.24&Prime;][\/et_pb_divider][et_pb_text _builder_version=\u00a0\u00bb3.24&Prime; text_font=\u00a0\u00bb||||||||\u00a0\u00bb text_font_size=\u00a0\u00bb20px\u00a0\u00bb custom_margin=\u00a0\u00bb-20px|||30px\u00a0\u00bb]<\/p>\n<p>&#8211; Suivi de l&rsquo;alimentation lors d&rsquo;une grossesse.<\/p>\n<p>[\/et_pb_text][et_pb_divider color=\u00a0\u00bb#8300E9&Prime; _builder_version=\u00a0\u00bb3.24&Prime;][\/et_pb_divider][et_pb_text _builder_version=\u00a0\u00bb3.24&Prime; text_font=\u00a0\u00bb||||||||\u00a0\u00bb text_font_size=\u00a0\u00bb20px\u00a0\u00bb custom_margin=\u00a0\u00bb-20px|||30px\u00a0\u00bb]<\/p>\n<p>&#8211; Pour adopter un mode de vie sain.<\/p>\n<p>[\/et_pb_text][et_pb_divider color=\u00a0\u00bb#8300E9&Prime; _builder_version=\u00a0\u00bb3.24&Prime;][\/et_pb_divider][et_pb_text _builder_version=\u00a0\u00bb3.24&Prime; text_font=\u00a0\u00bb||||||||\u00a0\u00bb text_font_size=\u00a0\u00bb20px\u00a0\u00bb custom_margin=\u00a0\u00bb-20px|||30px\u00a0\u00bb]<\/p>\n<p>&#8211; &#8230;<\/p>\n<p>[\/et_pb_text][\/et_pb_column][\/et_pb_row][\/et_pb_section][et_pb_section fb_built=\u00a0\u00bb1&Prime; _builder_version=\u00a0\u00bb3.24&Prime; background_color=\u00a0\u00bb#8300E9&Prime;][et_pb_row _builder_version=\u00a0\u00bb3.24&Prime;][et_pb_column type=\u00a0\u00bb4_4&Prime; _builder_version=\u00a0\u00bb3.24&Prime;][et_pb_text _builder_version=\u00a0\u00bb3.24&Prime; text_font=\u00a0\u00bbAmiko||||||||\u00a0\u00bb text_text_align=\u00a0\u00bbcenter\u00a0\u00bb text_text_color=\u00a0\u00bb#FFFFFF\u00a0\u00bb text_font_size=\u00a0\u00bb20px\u00a0\u00bb background_color=\u00a0\u00bbrgba(0,0,0,0)\u00a0\u00bb]<\/p>\n<p>Di\u00e9t\u00e9ticienne &amp; Nutritionniste<\/p>\n<p>Floriane Coudoux<\/p>\n<p>Consultation sur rendez-vous :<\/p>\n<p>0494\/12 79 99<\/p>\n<p>Rue du ramponneau 54<\/p>\n<p>7911 Frasnes-lez-buissenal<\/p>\n<p>[\/et_pb_text][\/et_pb_column][\/et_pb_row][\/et_pb_section][et_pb_section fb_built=\u00a0\u00bb1&Prime; _builder_version=\u00a0\u00bb3.24&Prime; top_divider_style=\u00a0\u00bbwaves2&Prime; top_divider_color=\u00a0\u00bb#8300E9&Prime;][et_pb_row _builder_version=\u00a0\u00bb3.24&Prime;][et_pb_column type=\u00a0\u00bb4_4&Prime; _builder_version=\u00a0\u00bb3.24&Prime;][et_pb_text _builder_version=\u00a0\u00bb3.24&Prime; _dynamic_attributes=\u00a0\u00bbcontent\u00a0\u00bb text_font=\u00a0\u00bbAmiko||||||||\u00a0\u00bb text_text_align=\u00a0\u00bbcenter\u00a0\u00bb text_font_size=\u00a0\u00bb18px\u00a0\u00bb]@ET-DC@eyJkeW5hbWljIjp0cnVlLCJjb250ZW50IjoiY3VycmVudF9kYXRlIiwic2V0dGluZ3MiOnsiYmVmb3JlIjoiXHUwMGFlIDxhIGhyZWY9XCJodHRwczovL3d3dy53ZWJpbmZvci5iZVwiPldlYmluZm9yIDwvYT4iLCJhZnRlciI6IiBcdTIwMTMgVG91cyBkcm9pdHMgclx1MDBlOXNlcnZcdTAwZTlzLiIsImRhdGVfZm9ybWF0IjoiY3VzdG9tIiwiY3VzdG9tX2RhdGVfZm9ybWF0IjoiWSJ9fQ==@[\/et_pb_text][\/et_pb_column][\/et_pb_row][\/et_pb_section]<\/p>\n","protected":false},"excerpt":{"rendered":"<p>[et_pb_section fb_built=\u00a0\u00bb1&Prime; _builder_version=\u00a0\u00bb3.24&Prime; background_color=\u00a0\u00bbrgba(0,0,0,0)\u00a0\u00bb bottom_divider_style=\u00a0\u00bbwave2&Prime; bottom_divider_color=\u00a0\u00bb#8300E9&Prime;][et_pb_row custom_padding=\u00a0\u00bb||48px\u00a0\u00bb custom_margin=\u00a0\u00bb-80px||\u00a0\u00bb _builder_version=\u00a0\u00bb3.24&Prime; width=\u00a0\u00bb100%\u00a0\u00bb max_width=\u00a0\u00bb2560px\u00a0\u00bb][et_pb_column type=\u00a0\u00bb1_5&Prime; _builder_version=\u00a0\u00bb3.24&Prime;][\/et_pb_column][et_pb_column type=\u00a0\u00bb1_5&Prime; _builder_version=\u00a0\u00bb3.24&Prime;][et_pb_image src=\u00a0\u00bbhttp:\/\/florianecoudouxdietetique.be\/wp-content\/uploads\/2020\/07\/logoblc.png\u00a0\u00bb _builder_version=\u00a0\u00bb3.24&Prime; max_height=\u00a0\u00bb250px\u00a0\u00bb][\/et_pb_image][\/et_pb_column][et_pb_column type=\u00a0\u00bb3_5&Prime; _builder_version=\u00a0\u00bb3.24&Prime;][\/et_pb_column][\/et_pb_row][\/et_pb_section][et_pb_section fb_built=\u00a0\u00bb1&Prime; _builder_version=\u00a0\u00bb3.24&Prime; min_height=\u00a0\u00bb823px\u00a0\u00bb custom_padding=\u00a0\u00bb||5px|||\u00a0\u00bb][et_pb_row _builder_version=\u00a0\u00bb3.24&Prime; min_height=\u00a0\u00bb749px\u00a0\u00bb][et_pb_column type=\u00a0\u00bb4_4&Prime; _builder_version=\u00a0\u00bb3.24&Prime;][et_pb_text _builder_version=\u00a0\u00bb3.24&Prime; text_font=\u00a0\u00bbAllura|700|||||||\u00a0\u00bb text_text_align=\u00a0\u00bbcenter\u00a0\u00bb text_text_color=\u00a0\u00bb#8300e9&Prime; text_font_size=\u00a0\u00bb36px\u00a0\u00bb] Floriane Coudoux Di\u00e9t\u00e9ticienne &amp; Nutritionniste agr\u00e9\u00e9 [\/et_pb_text][et_pb_divider color=\u00a0\u00bb#8300E9&Prime; divider_weight=\u00a0\u00bb3px\u00a0\u00bb _builder_version=\u00a0\u00bb3.24&Prime;][\/et_pb_divider][et_pb_text _builder_version=\u00a0\u00bb3.24&Prime; text_font=\u00a0\u00bbVerdana|700|||||||\u00a0\u00bb text_text_color=\u00a0\u00bb#8300E9&Prime; text_font_size=\u00a0\u00bb24px\u00a0\u00bb custom_margin=\u00a0\u00bb-20px|||30px\u00a0\u00bb] Floriane Coudoux Consulte sur Frasnes-Lez-Buissenal * sur [&hellip;]<\/p>\n","protected":false},"author":1,"featured_media":0,"parent":0,"menu_order":0,"comment_status":"closed","ping_status":"closed","template":"page-template-blank.php","meta":{"_et_pb_use_builder":"on","_et_pb_old_content":"","wprm-recipe-roundup-name":"","wprm-recipe-roundup-description":"","footnotes":""},"class_list":["post-9","page","type-page","status-publish","hentry"],"yoast_head":"<!-- This site is optimized with the Yoast SEO plugin v26.3 - https:\/\/yoast.com\/wordpress\/plugins\/seo\/ -->\n<title>Accueil - Floriane Coudoux Di\u00e9t\u00e9ticienne et Nutritionniste - Frasnes-lez-buissenal<\/title>\n<meta name=\"description\" content=\"Di\u00e9t\u00e9ticienne et Nutritionniste Agr\u00e9\u00e9e, consulte sur Frasnes-Lez-Buissenal, sur rendez-vous uniquement. Alimentation \u00e9quilibr\u00e9e, pour une perte de poids.\" \/>\n<meta name=\"robots\" content=\"index, follow, max-snippet:-1, max-image-preview:large, max-video-preview:-1\" \/>\n<link rel=\"canonical\" href=\"https:\/\/florianecoudouxdietetique.be\/\" \/>\n<meta property=\"og:locale\" content=\"fr_FR\" \/>\n<meta property=\"og:type\" content=\"article\" \/>\n<meta property=\"og:title\" content=\"Accueil - Floriane Coudoux Di\u00e9t\u00e9ticienne et Nutritionniste - Frasnes-lez-buissenal\" \/>\n<meta property=\"og:description\" content=\"Di\u00e9t\u00e9ticienne et Nutritionniste Agr\u00e9\u00e9e, consulte sur Frasnes-Lez-Buissenal, sur rendez-vous uniquement. Alimentation \u00e9quilibr\u00e9e, pour une perte de poids.\" \/>\n<meta property=\"og:url\" content=\"https:\/\/florianecoudouxdietetique.be\/\" \/>\n<meta property=\"og:site_name\" content=\"Floriane Coudoux Di\u00e9t\u00e9ticienne et Nutritionniste - Frasnes-lez-buissenal\" \/>\n<meta property=\"article:modified_time\" content=\"2023-01-26T12:29:42+00:00\" \/>\n<meta name=\"twitter:card\" content=\"summary_large_image\" \/>\n<meta name=\"twitter:label1\" content=\"Dur\u00e9e de lecture estim\u00e9e\" \/>\n\t<meta name=\"twitter:data1\" content=\"1 minute\" \/>\n<script type=\"application\/ld+json\" class=\"yoast-schema-graph\">{\"@context\":\"https:\/\/schema.org\",\"@graph\":[{\"@type\":\"WebPage\",\"@id\":\"https:\/\/florianecoudouxdietetique.be\/\",\"url\":\"https:\/\/florianecoudouxdietetique.be\/\",\"name\":\"Accueil - Floriane Coudoux Di\u00e9t\u00e9ticienne et Nutritionniste - Frasnes-lez-buissenal\",\"isPartOf\":{\"@id\":\"https:\/\/florianecoudouxdietetique.be\/#website\"},\"datePublished\":\"2020-07-14T16:53:47+00:00\",\"dateModified\":\"2023-01-26T12:29:42+00:00\",\"description\":\"Di\u00e9t\u00e9ticienne et Nutritionniste Agr\u00e9\u00e9e, consulte sur Frasnes-Lez-Buissenal, sur rendez-vous uniquement. Alimentation \u00e9quilibr\u00e9e, pour une perte de poids.\",\"breadcrumb\":{\"@id\":\"https:\/\/florianecoudouxdietetique.be\/#breadcrumb\"},\"inLanguage\":\"fr-FR\",\"potentialAction\":[{\"@type\":\"ReadAction\",\"target\":[\"https:\/\/florianecoudouxdietetique.be\/\"]}]},{\"@type\":\"BreadcrumbList\",\"@id\":\"https:\/\/florianecoudouxdietetique.be\/#breadcrumb\",\"itemListElement\":[{\"@type\":\"ListItem\",\"position\":1,\"name\":\"Accueil\",\"item\":\"https:\/\/florianecoudouxdietetique.be\/\"},{\"@type\":\"ListItem\",\"position\":2,\"name\":\"Accueil\"}]},{\"@type\":\"WebSite\",\"@id\":\"https:\/\/florianecoudouxdietetique.be\/#website\",\"url\":\"https:\/\/florianecoudouxdietetique.be\/\",\"name\":\"Floriane Coudoux Di\u00e9t\u00e9ticienne et Nutritionniste - Frasnes-lez-buissenal\",\"description\":\"Floriane Coudoux Di\u00e9t\u00e9ticienne et Nutritionniste Agr\u00e9\u00e9e consulte sur rendez-vous \u00e0 Frasnes-Lez-Buissenal.\",\"potentialAction\":[{\"@type\":\"SearchAction\",\"target\":{\"@type\":\"EntryPoint\",\"urlTemplate\":\"https:\/\/florianecoudouxdietetique.be\/?s={search_term_string}\"},\"query-input\":{\"@type\":\"PropertyValueSpecification\",\"valueRequired\":true,\"valueName\":\"search_term_string\"}}],\"inLanguage\":\"fr-FR\"}]}<\/script>\n<!-- \/ Yoast SEO plugin. -->","yoast_head_json":{"title":"Accueil - Floriane Coudoux Di\u00e9t\u00e9ticienne et Nutritionniste - Frasnes-lez-buissenal","description":"Di\u00e9t\u00e9ticienne et Nutritionniste Agr\u00e9\u00e9e, consulte sur Frasnes-Lez-Buissenal, sur rendez-vous uniquement. Alimentation \u00e9quilibr\u00e9e, pour une perte de poids.","robots":{"index":"index","follow":"follow","max-snippet":"max-snippet:-1","max-image-preview":"max-image-preview:large","max-video-preview":"max-video-preview:-1"},"canonical":"https:\/\/florianecoudouxdietetique.be\/","og_locale":"fr_FR","og_type":"article","og_title":"Accueil - Floriane Coudoux Di\u00e9t\u00e9ticienne et Nutritionniste - Frasnes-lez-buissenal","og_description":"Di\u00e9t\u00e9ticienne et Nutritionniste Agr\u00e9\u00e9e, consulte sur Frasnes-Lez-Buissenal, sur rendez-vous uniquement. Alimentation \u00e9quilibr\u00e9e, pour une perte de poids.","og_url":"https:\/\/florianecoudouxdietetique.be\/","og_site_name":"Floriane Coudoux Di\u00e9t\u00e9ticienne et Nutritionniste - Frasnes-lez-buissenal","article_modified_time":"2023-01-26T12:29:42+00:00","twitter_card":"summary_large_image","twitter_misc":{"Dur\u00e9e de lecture estim\u00e9e":"1 minute"},"schema":{"@context":"https:\/\/schema.org","@graph":[{"@type":"WebPage","@id":"https:\/\/florianecoudouxdietetique.be\/","url":"https:\/\/florianecoudouxdietetique.be\/","name":"Accueil - Floriane Coudoux Di\u00e9t\u00e9ticienne et Nutritionniste - Frasnes-lez-buissenal","isPartOf":{"@id":"https:\/\/florianecoudouxdietetique.be\/#website"},"datePublished":"2020-07-14T16:53:47+00:00","dateModified":"2023-01-26T12:29:42+00:00","description":"Di\u00e9t\u00e9ticienne et Nutritionniste Agr\u00e9\u00e9e, consulte sur Frasnes-Lez-Buissenal, sur rendez-vous uniquement. Alimentation \u00e9quilibr\u00e9e, pour une perte de poids.","breadcrumb":{"@id":"https:\/\/florianecoudouxdietetique.be\/#breadcrumb"},"inLanguage":"fr-FR","potentialAction":[{"@type":"ReadAction","target":["https:\/\/florianecoudouxdietetique.be\/"]}]},{"@type":"BreadcrumbList","@id":"https:\/\/florianecoudouxdietetique.be\/#breadcrumb","itemListElement":[{"@type":"ListItem","position":1,"name":"Accueil","item":"https:\/\/florianecoudouxdietetique.be\/"},{"@type":"ListItem","position":2,"name":"Accueil"}]},{"@type":"WebSite","@id":"https:\/\/florianecoudouxdietetique.be\/#website","url":"https:\/\/florianecoudouxdietetique.be\/","name":"Floriane Coudoux Di\u00e9t\u00e9ticienne et Nutritionniste - Frasnes-lez-buissenal","description":"Floriane Coudoux Di\u00e9t\u00e9ticienne et Nutritionniste Agr\u00e9\u00e9e consulte sur rendez-vous \u00e0 Frasnes-Lez-Buissenal.","potentialAction":[{"@type":"SearchAction","target":{"@type":"EntryPoint","urlTemplate":"https:\/\/florianecoudouxdietetique.be\/?s={search_term_string}"},"query-input":{"@type":"PropertyValueSpecification","valueRequired":true,"valueName":"search_term_string"}}],"inLanguage":"fr-FR"}]}},"_links":{"self":[{"href":"https:\/\/florianecoudouxdietetique.be\/index.php?rest_route=\/wp\/v2\/pages\/9","targetHints":{"allow":["GET"]}}],"collection":[{"href":"https:\/\/florianecoudouxdietetique.be\/index.php?rest_route=\/wp\/v2\/pages"}],"about":[{"href":"https:\/\/florianecoudouxdietetique.be\/index.php?rest_route=\/wp\/v2\/types\/page"}],"author":[{"embeddable":true,"href":"https:\/\/florianecoudouxdietetique.be\/index.php?rest_route=\/wp\/v2\/users\/1"}],"replies":[{"embeddable":true,"href":"https:\/\/florianecoudouxdietetique.be\/index.php?rest_route=%2Fwp%2Fv2%2Fcomments&post=9"}],"version-history":[{"count":26,"href":"https:\/\/florianecoudouxdietetique.be\/index.php?rest_route=\/wp\/v2\/pages\/9\/revisions"}],"predecessor-version":[{"id":94,"href":"https:\/\/florianecoudouxdietetique.be\/index.php?rest_route=\/wp\/v2\/pages\/9\/revisions\/94"}],"wp:attachment":[{"href":"https:\/\/florianecoudouxdietetique.be\/index.php?rest_route=%2Fwp%2Fv2%2Fmedia&parent=9"}],"curies":[{"name":"wp","href":"https:\/\/api.w.org\/{rel}","templated":true}]}}